{"id":6605,"date":"2026-01-15T20:47:45","date_gmt":"2026-01-15T23:47:45","guid":{"rendered":"https:\/\/sodecristo.org.br\/hejme\/?page_id=6605"},"modified":"2026-01-31T20:51:33","modified_gmt":"2026-01-31T23:51:33","slug":"desde-joao-ate-joao","status":"publish","type":"page","link":"https:\/\/sodecristo.org.br\/hejme\/desde-joao-ate-joao\/","title":{"rendered":"Desde Jo\u00e3o at\u00e9 Jo\u00e3o*"},"content":{"rendered":"<table style=\"border-collapse: collapse; width: 100%;\">\n<tbody>\n<tr>\n<td style=\"width: 24.5834%;\"><\/td>\n<td style=\"width: 75.4166%;\"><span style=\"font-size: 13.3333px;\">\u00a0<\/span><\/td>\n<\/tr>\n<\/tbody>\n<\/table>\n<p><img decoding=\"async\" src=\"https:\/\/sodecristo.org.br\/hejme\/wp-content\/uploads\/2026\/01\/De-Joao-a-Joao%D7%90%D7%91%D7%A8%D7%9D-300x164.jpeg\" class=\"alignleft\" \/><span style=\"font-size: 10pt;\">Eis que Eu envio o Meu anjo diante da vossa face, e ele preparar\u00e1 o vosso caminho. <span style=\"font-size: 8pt;\"><strong>Malaquias 3:1<\/strong><\/span><\/span><br \/>\n<span style=\"font-size: 10pt;\">&#8230;v\u00f3s que clama no deserto: Preparem o caminho do Eterno, endireitai as Suas veredas. <span style=\"font-size: 8pt;\"><strong>Isa\u00edas 40:3<\/strong><\/span><\/span><\/p>\n<p>&nbsp;<\/p>\n<p><strong><em><span style=\"font-size: medium;\">Porque todos os profetas e a Lei profetizaram at\u00e9 Jo\u00e3o<\/span><\/em><\/strong><span style=\"font-size: medium;\"> \u2014 <\/span><strong><span style=\"font-size: medium;\">Jesus (MT 11:13).<\/span><\/strong><\/p>\n<p><span style=\"font-size: medium;\">Somos seres \u00e0 parte da cria\u00e7\u00e3o, esp\u00edritos encarnados. Viemos para c\u00e1, j\u00e1 tendo capacidade de conhecer Deus, dotados de consci\u00eancia, de livre-arb\u00edtrio, designados por Ele a sermos semelhantes a eles no Para\u00edso, o mundo espiritual.<\/span><\/p>\n<p><span style=\"font-size: medium;\">Por meio de encarna\u00e7\u00f5es sucessivas, vamos adquirindo um n\u00edvel de compreens\u00e3o maior, alcan\u00e7ando capacidade de poder entender a realidade de nossa exist\u00eancia.<\/span><\/p>\n<p><span style=\"font-size: medium;\">Jesus, o condutor de nossas almas, enviou-nos para este mundo para que pud\u00e9ssemos depurar nossas imperfei\u00e7\u00f5es, e, em um sono profundo, esquec\u00eassemos por longo tempo nossas origens.<\/span><\/p>\n<p><span style=\"font-size: medium;\">Deixamos as luzes como esp\u00edritos livres e viemos para este mundo com o prop\u00f3sito de eliminar, de nosso ser, reminisc\u00eancias negativas que impedem nossa evolu\u00e7\u00e3o; o Criador nos deu uma vestimenta, que \u00e9 o corpo humano.<\/span><\/p>\n<p><span style=\"font-size: medium;\">Desde ent\u00e3o, a programa\u00e7\u00e3o divinamente perfeita vem se cumprindo. Nada no Universo Infinito se desenvolve sem as entidades espirituais celestes atuarem na constru\u00e7\u00e3o e acompanhamento das obras disseminadas no universo infinito.<\/span><\/p>\n<p><span style=\"font-size: medium;\">Fa\u00e7a-se a luz foi o sinal de que tudo come\u00e7ou a clarear para os nossos esp\u00edritos, que estavam obscurecidos pelo peso da mat\u00e9ria, da qual precisamos lutar fortemente para nos libertarmos.<\/span><\/p>\n<p><span style=\"font-size: medium;\">Mois\u00e9s, envolvido nas doces vibra\u00e7\u00f5es do Esp\u00edrito Santo e nos ex\u00e9rcitos do Senhor nas express\u00f5es prof\u00e9ticas de sua \u00e9poca, recebe uma disserta\u00e7\u00e3o detalhada sobre os passos que precisamos dar para entender a realidade divina. Revelando-nos a participa\u00e7\u00e3o de esp\u00edritos superiores que encarnam ao longo da trajet\u00f3ria estabelecida pelo Cristo, o divino jardineiro envia, de tempos em tempos, seus eleitos, as boas sementes. A fun\u00e7\u00e3o \u00e9 endireitar as veredas que nos levam ao renascimento para a vida permanente de esp\u00edrito.<\/span><\/p>\n<p><span style=\"font-size: medium;\">Um esp\u00edrito designado a nos conduzir nesta estrada surge no cen\u00e1rio terrestre, encarnando, deixando claro que este Esp\u00edrito teria como heran\u00e7a a humanidade.<\/span><\/p>\n<p><span style=\"font-size: medium;\">Nas encruzilhadas desta longa e montanhosa estrada, l\u00e1 est\u00e1 ele, Abr\u00e3o, sinalizando o rumo que devemos tomar para o encontro do Divino Pastor. O Eterno confirma: \u201c<\/span><em><span style=\"font-size: medium;\">Eu farei vossa descend\u00eancia como o p\u00f3 da terra; se algu\u00e9m puder contar o p\u00f3 da terra, ele saber\u00e1 calcular sua descend\u00eancia\u201d<\/span><\/em><span style=\"font-size: medium;\">.<\/span><\/p>\n<p><span style=\"font-size: medium;\">S\u00e9culos depois, o Eterno confirma, por meio das palavras: \u201cE sua descend\u00eancia ser\u00e1 como o p\u00f3 da terra, e voc\u00ea se espalhar\u00e1 para o ocidente, para o oriente, para o norte e para o sul, e em ti e na tua descend\u00eancia ser\u00e3o benditas todas as fam\u00edlias da terra\u201d, que Abr\u00e3o \u00e9 o mesmo Esp\u00edrito que se manifesta em Jac\u00f3 na estrada preparada para levar a humanidade ao retorno.<\/span><\/p>\n<p><span style=\"font-size: medium;\">Quase quinhentos anos depois, o Cristo envia este Esp\u00edrito na figura de Mois\u00e9s, no Esp\u00edrito de Abr\u00e3o. O elevado, proceder como procedeu h\u00e1 mil\u00eanios, extirpar de nossas vidas as cren\u00e7as do mundo primitivo, sobretudo o apego que damos aos deuses dom\u00e9sticos, nesta carreira de mil\u00eanios, e dedicarmos \u00e0 verdadeira adora\u00e7\u00e3o a Deus, \u00fanico e eterno.<\/span><\/p>\n<p><span style=\"font-size: medium;\">E os registros prof\u00e9ticos, anunciados pelos Anjos, d\u00e3o not\u00edcias dele como Elias, estabelecendo sua vit\u00f3ria como o precursor antes que venha o grande e tem\u00edvel dia do Eterno.<\/span><\/p>\n<p><span style=\"font-size: medium;\">Jesus, o Cordeiro de Deus, trouxe este Esp\u00edrito para nos apresentar solenemente que Ele \u00e9 aquele anunciado nas Escrituras, que vem diante do Senhor como o Anjo que clama no deserto, apontando o caminho que devemos seguir para reencontrar a vida espiritual em Deus.<\/span><\/p>\n<p><span style=\"font-size: medium;\">As Escrituras confirmam que profetizaram at\u00e9 Jo\u00e3o e que Elias vir\u00e1 para a restaura\u00e7\u00e3o do Evangelho; Jesus refor\u00e7a o que j\u00e1 est\u00e1 profetizado, afirmando: desde o tempo de Jo\u00e3o, o Reino dos C\u00e9us foi tomado pela viol\u00eancia at\u00e9 Jo\u00e3o.<\/span><\/p>\n<p><span style=\"font-size: medium;\">Eis a chave que estabelece a lucidez das mensagens contidas nas Escrituras, que a humanidade desconsidera ao confundir os profetas com adivinhadores.<\/span><\/p>\n<p><span style=\"font-size: medium;\">Toda lei e os profetas profetizaram at\u00e9 Jo\u00e3o; estas palavras revelam um plano anteriormente preparado nas regi\u00f5es celestes por Jesus e seus eleitos, as sementes virtuosas, esp\u00edritos puros, n\u00e3o errantes, conhecedores de toda trajet\u00f3ria.<\/span><\/p>\n<p><span style=\"font-size: medium;\">Toda lei e os profetas profetizam amar a Deus sobre todas as coisas, com todas as nossas for\u00e7as, de todo cora\u00e7\u00e3o, de toda nossa alma e mente. Devemos amar ao pr\u00f3ximo como a n\u00f3s mesmos, pois, durante toda a trajet\u00f3ria at\u00e9 Jo\u00e3o, ele nos apontar\u00e1, conforme confirmado por Jesus.<\/span><\/p>\n<p><span style=\"font-size: medium;\">Toda a lei e os profetas profetizam as lutas que ainda temos que passar para aperfei\u00e7oarmos e compreendermos a transcend\u00eancia do Cristo, fundador e governador do nosso mundo e das nossas vidas na exist\u00eancia.<\/span><\/p>\n<p><span style=\"font-size: medium;\">Toda lei e os profetas profetizam a vinda de Jo\u00e3o, o Precursor, a separa\u00e7\u00e3o do joio do trigo \u201c<em>antes do grande e tem\u00edvel dia do Senhor<\/em>\u201d (<strong><span style=\"font-size: 8pt;\">Malaquias 4:4a6<\/span><\/strong>); <\/span><span style=\"font-size: medium;\">far\u00e1 retornar o cora\u00e7\u00e3o dos pais aos filhos, e o dos filhos aos pais. V<\/span><span style=\"font-size: medium;\">amos perceber que as profecias do Velho Testamento s\u00e3o uma verdade verdadeira muito planejada pelo Cristo, e d\u00e3o por encerrada essa etapa de tumulto e viol\u00eancia.<\/span><\/p>\n<p><span style=\"font-size: medium;\">Toda lei e os profetas profetizam que, depois de Jo\u00e3o, no Reino de Deus anunciado, todos os homens empregar\u00e3o esfor\u00e7os para entrar nele, sem nenhum estorvo. <\/span><span style=\"font-size: medium;\"><\/span><\/p>\n<p><span style=\"font-size: medium;\">Toda lei e os profetas profetizam que Jo\u00e3o \u00e9 o anjo que abre os caminhos e endireita as veredas para nos apresentar nosso Senhor, o filho de Deus; este, por sua vez, confirma ser o anjo que abriu os caminhos para ele, atravessando toda lei e os profetas nas encarna\u00e7\u00f5es sucessivas de Abr\u00e3o, Jac\u00f3, Mois\u00e9s, Elias e Jo\u00e3o Batista. Ele, como Esp\u00edrito da Verdade de nossas vidas, nos apresenta o Esp\u00edrito Santo, a Doutrina dos Esp\u00edritos, que nos acompanhar\u00e1, instruindo-nos a darmos os derradeiros passos para a nossa ressurrei\u00e7\u00e3o.<\/span><\/p>\n<p><span style=\"font-size: medium;\">A programa\u00e7\u00e3o de todo acontecimento na humanidade para que pud\u00e9ssemos entender e compreender a necessidade de nossa estada na terra, como esp\u00edritos conscientes, capacitados a conhecer Deus, passa pelo processo reencarnat\u00f3rio. O nascer da \u00e1gua e do esp\u00edrito, o per\u00edodo de provas e expia\u00e7\u00e3o, est\u00e1 nas profecias categoricamente demarcado de Jo\u00e3o at\u00e9 Jo\u00e3o.<\/span><\/p>\n<p><span style=\"font-size: medium;\">O Cristo, tutor de nossas almas, por meio da mediunidade exercida pelos m\u00e9diuns de todas as \u00e9pocas, permitia que os esp\u00edritos superiores revelassem a realidade do mundo que nos espera. Eles anunciavam os acontecimentos do per\u00edodo de expia\u00e7\u00e3o e prova, o fim da viol\u00eancia no Reino dos C\u00e9us e a fase final de nossa caminhada terrestre. Essa fase marca o in\u00edcio do mundo de regenera\u00e7\u00e3o, um mundo de paz. <\/span><\/p>\n<p><span style=\"font-size: medium;\">Abram, o Jo\u00e3o do Cristo \u00e9 o Elias que h\u00e1 de vir.<\/span><\/p>\n<p style=\"text-align: left;\"><span style=\"font-size: 10pt;\"><em><span style=\"font-size: 8pt;\"><span style=\"font-size: 10pt;\">Meus bem-amados, s\u00e3o chegados os tempos em que, explicados, os erros se tornar\u00e3o verdades. Ensinar-vos-emos o sentido exato das par\u00e1bolas e vos mostraremos a forte correla\u00e7\u00e3o que existe entre o que foi e o que \u00e9. Digo-vos, em verdade: a manifesta\u00e7\u00e3o esp\u00edrita avulta no horizonte, e aqui est\u00e1 o seu enviado, que vai resplandecer como o Sol no cume dos montes<\/span>.<\/span><\/em> <strong><span style=\"font-size: 8pt;\">(Jo\u00e3o Evangelista &#8211; Esp\u00edrito. Paris, 1863 &#8211; ESE.)<\/span><\/strong><\/span><\/p>\n<p>* &#8211; <strong><span style=\"font-size: 10pt;\">Tradu\u00e7\u00f5es dos textos pela B\u00edblia em Esperanto.<\/span><\/strong><\/p>\n","protected":false},"excerpt":{"rendered":"<p>\u00a0 Eis que Eu envio o Meu anjo diante da vossa face, e ele preparar\u00e1 o vosso caminho. Malaquias 3:1 &#8230;v\u00f3s que clama no deserto: Preparem o caminho do Eterno, endireitai as Suas veredas. Isa\u00edas 40:3 &nbsp; Porque todos os profetas e a Lei profetizaram at\u00e9 Jo\u00e3o \u2014 Jesus (MT [&hellip;]<\/p>\n","protected":false},"author":1,"featured_media":6607,"parent":0,"menu_order":0,"comment_status":"closed","ping_status":"closed","template":"","meta":{"_monsterinsights_skip_tracking":false,"_monsterinsights_sitenote_active":false,"_monsterinsights_sitenote_note":"","_monsterinsights_sitenote_category":0,"footnotes":""},"class_list":["post-6605","page","type-page","status-publish","has-post-thumbnail","hentry"],"jetpack_sharing_enabled":true,"_links":{"self":[{"href":"https:\/\/sodecristo.org.br\/hejme\/wp-json\/wp\/v2\/pages\/6605","targetHints":{"allow":["GET"]}}],"collection":[{"href":"https:\/\/sodecristo.org.br\/hejme\/wp-json\/wp\/v2\/pages"}],"about":[{"href":"https:\/\/sodecristo.org.br\/hejme\/wp-json\/wp\/v2\/types\/page"}],"author":[{"embeddable":true,"href":"https:\/\/sodecristo.org.br\/hejme\/wp-json\/wp\/v2\/users\/1"}],"replies":[{"embeddable":true,"href":"https:\/\/sodecristo.org.br\/hejme\/wp-json\/wp\/v2\/comments?post=6605"}],"version-history":[{"count":13,"href":"https:\/\/sodecristo.org.br\/hejme\/wp-json\/wp\/v2\/pages\/6605\/revisions"}],"predecessor-version":[{"id":6628,"href":"https:\/\/sodecristo.org.br\/hejme\/wp-json\/wp\/v2\/pages\/6605\/revisions\/6628"}],"wp:featuredmedia":[{"embeddable":true,"href":"https:\/\/sodecristo.org.br\/hejme\/wp-json\/wp\/v2\/media\/6607"}],"wp:attachment":[{"href":"https:\/\/sodecristo.org.br\/hejme\/wp-json\/wp\/v2\/media?parent=6605"}],"curies":[{"name":"wp","href":"https:\/\/api.w.org\/{rel}","templated":true}]}}