{"id":5542,"date":"2022-06-27T10:52:36","date_gmt":"2022-06-27T13:52:36","guid":{"rendered":"https:\/\/sodecristo.org.br\/hejme\/?page_id=5542"},"modified":"2026-01-14T23:04:13","modified_gmt":"2026-01-15T02:04:13","slug":"nao-separeis-o-que-deus-uniu-jesus","status":"publish","type":"page","link":"https:\/\/sodecristo.org.br\/hejme\/nao-separeis-o-que-deus-uniu-jesus\/","title":{"rendered":"&#8220;N\u00e3o Separeis o que Deus Uniu\u201d"},"content":{"rendered":"<p><img decoding=\"async\" src=\"https:\/\/sodecristo.org.br\/hejme\/wp-content\/uploads\/2022\/06\/nao_separeis_que_deus_juntou-300x201.jpg\" class=\"alignleft\" \/><\/p>\n<p>Sentido profundo nas palavras de Jesus.<\/p>\n<p>Nenhuma promessa de uni\u00e3o matrimonial feita poder\u00e1 Deus unir se n\u00e3o for diante do altar da consci\u00eancia honesta.<\/p>\n<p>Ambos, o Homem e a Mulher, convictos de que as ordena\u00e7\u00f5es divinas s\u00e3o inviol\u00e1veis e que os acordos feitos diante delas s\u00e3o sinceros, agem com sobriedade.<\/p>\n<p>Uni\u00e3o matrimonial \u00e9 transforma\u00e7\u00e3o, \u00e9 mudan\u00e7a de h\u00e1bitos, mudan\u00e7a de gestos, mudan\u00e7a de conduta, herdando as coisas sadias da inf\u00e2ncia e as respons\u00e1veis do adulto.<\/p>\n<p>As altera\u00e7\u00f5es que ocorrem em n\u00f3s, enquanto indiv\u00edduos independentes, s\u00e3o feitas de modo pr\u00f3prio, pareando com os nossos desejos; escolhemos o que nos agrada em particular. Essas experi\u00eancias nos levam a ter rea\u00e7\u00f5es at\u00e1vicas dentro do matrim\u00f4nio, fazendo-nos sentir que fazemos parte natural da vida, enquanto carregamos usan\u00e7as individuais, apesar do contrato registrado no cart\u00f3rio divino, para vivermos a dois.<\/p>\n<p>Dois caminhos se encontram nos destinos dos personagens quando se unem em matrim\u00f4nio: o da materialidade e o da espiritualidade. Ambos se descobrem nas encruzilhadas, sinalizando novas perspectivas na vida das criaturas que se entrecruzam, diante do destino, decidindo viver unidos, em fam\u00edlia.<\/p>\n<p>Pela espiritualidade, a uni\u00e3o \u00e9 indissol\u00favel; os dois comprometem-se a viver um pelo outro. Adaptar-se-\u00e3o \u00e0s mudan\u00e7as, cientes de que a vida de solteiro foi enquanto solteiro, como a de crian\u00e7a foi na inf\u00e2ncia.<\/p>\n<p>Come\u00e7amos a perceber essa necessidade, ao primeiro &#8220;sim&#8221;, ao se envolverem numa intimidade mais respons\u00e1vel, al\u00e9m da amizade. No namoro, o seu valor, tanto quanto no noivado e no matrim\u00f4nio, envolve suas vidas. Despertam a aten\u00e7\u00e3o para certas altera\u00e7\u00f5es de conduta. A fidelidade j\u00e1 desponta no \u00edntimo, nos cora\u00e7\u00f5es dos envolvidos na sociedade bilateral, enxergando o futuro.<\/p>\n<p>No contexto do namoro, os envolvidos se sentem livres para agir de maneira desleal, utilizando mentiras e vaidades, embora estejam juntos, mas emocionalmente distantes, sempre em busca de &#8220;inocentes flertes&#8221;, o que desclassifica a honestidade que acreditam ter, um aspecto t\u00e3o comum na sociedade. Um compromisso que levar\u00e1 os dois a jurarem eterna uni\u00e3o, prenunciando turbul\u00eancia. Um caminho repleto de discord\u00e2ncias instintivas que exigir\u00e1 resigna\u00e7\u00e3o e ren\u00fancia de ambas as partes para que Deus os una, pois at\u00e9 ent\u00e3o eles se encontram distantes do matrim\u00f4nio santo.<\/p>\n<p>Nada, coisa alguma, ningu\u00e9m, nem promessas, nem juras de amor, t\u00e3o pouco os cart\u00f3rios, as autoridades, pap\u00e9is, unem os nubentes sen\u00e3o pela decis\u00e3o de ambos viverem juntos, felizes na jornada terrena, exercendo os deveres que lhes tocam, at\u00e9 o Dono das Leis Naturais os chamar. Foi Ele quem selou a uni\u00e3o! Isso ocorre em qualquer momento em que o amor toca o cora\u00e7\u00e3o dos nubentes, fundamentado na responsabilidade e no respeito m\u00fatuo que eles compartilham.<\/p>\n<p>Casamento que se separa, Deus n\u00e3o uniu. O selo da uni\u00e3o diante do altar estava sob ins\u00f3lita base de entendimento, que deveria ter sido firmado no tempo dos sinceros galanteios e das honestas concord\u00e2ncias.<\/p>\n<p>O casamento que Deus une \u00e9 aquele em que h\u00e1 entendimento, h\u00e1 perd\u00e3o, resigna\u00e7\u00e3o das coisas mundanas. A car\u00eancia de um se confunde no carinho do outro. Um mundo ficou para tr\u00e1s, um mundo a dois agora se faz, conv\u00e9m \u00e0 felicidade, nenhuma vantagem unilateral, nenhuma inconveni\u00eancia. Valorizar a fam\u00edlia que tem e amar a fam\u00edlia que vem.<\/p>\n<p>O ambiente ps\u00edquico de ambos, mesmo quando distante, mant\u00e9m a harmonia mental no c\u00edrculo dom\u00e9stico e supera desenganos.<\/p>\n<p>Matrim\u00f4nio \u00e9 harmoniza\u00e7\u00e3o de duas vidas, para perpetuar o amor de Deus \u00e0s gera\u00e7\u00f5es porvindouras. Ser\u00e1 uma humanidade pac\u00edfica, que Ele quer unida.<\/p>\n","protected":false},"excerpt":{"rendered":"<p>Sentido profundo nas palavras de Jesus. Nenhuma promessa de uni\u00e3o matrimonial feita poder\u00e1 Deus unir se n\u00e3o for diante do altar da consci\u00eancia honesta. Ambos, o Homem e a Mulher, convictos de que as ordena\u00e7\u00f5es divinas s\u00e3o inviol\u00e1veis e que os acordos feitos diante delas s\u00e3o sinceros, agem com sobriedade. [&hellip;]<\/p>\n","protected":false},"author":1,"featured_media":5549,"parent":0,"menu_order":0,"comment_status":"closed","ping_status":"closed","template":"","meta":{"_monsterinsights_skip_tracking":false,"_monsterinsights_sitenote_active":false,"_monsterinsights_sitenote_note":"","_monsterinsights_sitenote_category":0,"footnotes":""},"class_list":["post-5542","page","type-page","status-publish","has-post-thumbnail","hentry"],"jetpack_sharing_enabled":true,"_links":{"self":[{"href":"https:\/\/sodecristo.org.br\/hejme\/wp-json\/wp\/v2\/pages\/5542","targetHints":{"allow":["GET"]}}],"collection":[{"href":"https:\/\/sodecristo.org.br\/hejme\/wp-json\/wp\/v2\/pages"}],"about":[{"href":"https:\/\/sodecristo.org.br\/hejme\/wp-json\/wp\/v2\/types\/page"}],"author":[{"embeddable":true,"href":"https:\/\/sodecristo.org.br\/hejme\/wp-json\/wp\/v2\/users\/1"}],"replies":[{"embeddable":true,"href":"https:\/\/sodecristo.org.br\/hejme\/wp-json\/wp\/v2\/comments?post=5542"}],"version-history":[{"count":16,"href":"https:\/\/sodecristo.org.br\/hejme\/wp-json\/wp\/v2\/pages\/5542\/revisions"}],"predecessor-version":[{"id":6617,"href":"https:\/\/sodecristo.org.br\/hejme\/wp-json\/wp\/v2\/pages\/5542\/revisions\/6617"}],"wp:featuredmedia":[{"embeddable":true,"href":"https:\/\/sodecristo.org.br\/hejme\/wp-json\/wp\/v2\/media\/5549"}],"wp:attachment":[{"href":"https:\/\/sodecristo.org.br\/hejme\/wp-json\/wp\/v2\/media?parent=5542"}],"curies":[{"name":"wp","href":"https:\/\/api.w.org\/{rel}","templated":true}]}}