{"id":5439,"date":"2022-03-24T09:30:19","date_gmt":"2022-03-24T12:30:19","guid":{"rendered":"https:\/\/sodecristo.org.br\/hejme\/?page_id=5439"},"modified":"2022-07-27T07:39:50","modified_gmt":"2022-07-27T10:39:50","slug":"adao-este-ou-aqueloutro","status":"publish","type":"page","link":"https:\/\/sodecristo.org.br\/hejme\/adao-este-ou-aqueloutro\/","title":{"rendered":"Ad\u00e3o! Este ou Aqueloutro."},"content":{"rendered":"<p><img decoding=\"async\" src=\"https:\/\/sodecristo.org.br\/hejme\/wp-content\/uploads\/2022\/03\/adao_este_aqueloutro-300x201.jpg\" class=\"alignleft\" \/><\/p>\n<p>A humanidade crist\u00e3, tem interpretado a famosa hist\u00f3ria do primeiro homem, Ad\u00e3o, como sendo cr\u00e9dito a Mois\u00e9s. Contudo trata-se de um costume do povo hebreu na busca de suas origens em remanescentes narrativas de que seus ancestrais se localizavam a um passado long\u00ednquo.<\/p>\n<p>A Ci\u00eancia Esp\u00edrita registra o tempo em que Ad\u00e3o existiu, cerca de quatro mil anos antes da visita de Jesus em nosso meio, afirmando n\u00e3o ser ele nem o primeiro e nem o \u00fanico a povoar a terra.<\/p>\n<p>Entende-se que, os Hebreus j\u00e1 se consideravam como sendo descendente de Ad\u00e3o, como fam\u00edlia, em um passado distante, tendo-o como o primeiro Patriarca, que se tinha not\u00edcia, atravessando gera\u00e7\u00f5es.<\/p>\n<p>Na \u00e9poca em que viveu o condutor deste povo, j\u00e1 se contava com dois mil e oitocentos anos dessa heran\u00e7a.<\/p>\n<p>Uma tradi\u00e7\u00e3o que vence o tempo, adaptada aos princ\u00edpios de manter unida a fam\u00edlia Hebraica. Sua descend\u00eancia contada, remontando a um povo heroico de sua ra\u00e7a, pelas suas a\u00e7\u00f5es, mesmo se em certas fases, no tempo e no espa\u00e7o, um e outro historiador seguia rumos diversos, supondo ou intencionando aditar uma linhagem que mais real\u00e7ava aos atos e \u00e0s bravuras descendentes, muito natural.<\/p>\n<p>Desde os prim\u00f3rdios de sua ra\u00e7a, monote\u00edsta, envolvido firmemente na realidade de um Deus, \u00fanico, a reinar na prote\u00e7\u00e3o e guarda de seu povo, como uma s\u00f3 fam\u00edlia, tinha a sua tradi\u00e7\u00e3o gerada na descend\u00eancia de homens que em seus feitos honraram e protegeram as gera\u00e7\u00f5es de cada \u00e9poca. Um Conceito predominante, todos eles ser uma s\u00f3 fam\u00edlia, da\u00ed a tradi\u00e7\u00e3o, os patriarcas, homens capacitados na prote\u00e7\u00e3o e dire\u00e7\u00e3o, gerir prosperidade considerando todos.<\/p>\n<p>Mois\u00e9s, Esp\u00edrito mission\u00e1rio, revelou o surgimento da Terra, as etapas cronol\u00f3gicas, da flora, da fauna e do homem. Tinha consci\u00eancia dos esp\u00edritos, imagens e semelhan\u00e7as, que precisariam passar pela encarna\u00e7\u00e3o<a data-toggle=\"tooltip\" data-placement=\"top\" title=\"Evangelho Segundo Espiritismo - Mundo Regeneradores:16 - Santo Agostinho Cap. III\"><sup>ESE<\/sup><\/a>, sabia quais os motivos, sabia que todos n\u00f3s somos esses esp\u00edritos, prosperar e povoar a terra, por\u00e9m ligando-os ao seu povo.<\/p>\n<p>Mesclar os fatos de tudo que percebeu sobre o mundo invis\u00edvel de onde Jesus enviou as almas que enterraram os talentos<a data-toggle=\"tooltip\" data-placement=\"top\" title=\"Mateus 25:14-30\"><sup>Mt<\/sup><\/a>, guardaram as minas<a data-toggle=\"tooltip\" data-placement=\"top\" title=\"Lucas 19:12-27\"><sup>Lc<\/sup><\/a>, at\u00e9 chegar em Ad\u00e3o, o primeiro homem nos costumes de sua ra\u00e7a, at\u00e9 ent\u00e3o tendo como limite alcan\u00e7ado, na busca de suas origens. Mois\u00e9s remodelou-o ligando a Deus.<\/p>\n<p>Esse grande Esp\u00edrito, legislador e profeta, introduziu o pecado original, uma revela\u00e7\u00e3o divina, para a humanidade de Jesus na Terra, se reconhecer herdeira desta tradi\u00e7\u00e3o, heroica para os Judeus, que entenderam ser sua fam\u00edlia vinda das moradas celestes, de Deus, que eles nunca deixaram de honrar, resignando a tantos sofrimentos.<\/p>\n<p>Mois\u00e9s, junto aos seus Irm\u00e3os cansados, sofridos, perdidos nos mais variados conceitos de uma viv\u00eancia, meio \u00e0 adora\u00e7\u00f5es pag\u00e3s, num regime dominador, violento, tinha em sua grande alma, sentimentos de nobreza, considera\u00e7\u00e3o para com seu povo, sentia-se numa esp\u00e9cie de intui\u00e7\u00e3o e confian\u00e7a, liga\u00e7\u00f5es profundas, que percebia pelas suas faculdades medi\u00fanicas, mais precisamente, talvez desconhecida de muitos, da de perceber acontecimentos distantes no tempo e no espa\u00e7o, remotamente acontecidos, vivenciados por ele na psicometria, ser o seu povo a real descend\u00eancia, almas condenadas a viverem, na terra, expulsos do para\u00edso, Mundo Espiritual.<\/p>\n<p>Hoje, se refor\u00e7armos nossas aten\u00e7\u00f5es nos estudos, vamos perceber que naquele tempo, a na\u00e7\u00e3o foi agraciada pela paternidade divina revelada por Mois\u00e9s, acreditando ser o in\u00edcio de sua ra\u00e7a, \u00fanica que veio de Deus, a forma\u00e7\u00e3o de seu povo que prosperou nos mil\u00eanios seguintes: motivo este o de ter encontrado povoados naquela regi\u00e3o.<\/p>\n<p>Os conhecimentos de Mois\u00e9s, de que as almas que vieram do mundo espiritual de onde est\u00e1vamos, j\u00e1 em sono profundo, preparadas para serem espalhadas pela terra conforme o Livro dos Esp\u00edritos<a data-toggle=\"tooltip\" data-placement=\"top\" title=\"Forma\u00e7\u00e3o dos Seres Vivos Quest\u00e3o 49\"><sup>OLE<\/sup><\/a>, sabia que um dia seria esclarecido e que os atos que ele fez representar, na figura de Ad\u00e3o, Eva e seus filhos, tendo por base a natureza caracter\u00edstica do ser humano naqueles tempos: a vaidade, o orgulho, a desobedi\u00eancia, os assass\u00ednios.<\/p>\n<p><em>\u201c<\/em><i>Muitos, com mais raz\u00e3o, consideram Ad\u00e3o um mito ou uma alegoria que personifica as primeiras idades do mundo\u201d &#8211;<\/i> Allan Kardec, com esses dizeres conclui, depois de muitas considera\u00e7\u00f5es sobre o tema, em O Livro dos Esp\u00edritos, ser de origem racional e afirma: <em>\u201c&#8230;desde que se achem vest\u00edgios da exist\u00eancia do homem antes da grande cat\u00e1strofe, provado ficar\u00e1, ou que Ad\u00e3o n\u00e3o foi o primeiro homem, ou que a sua cria\u00e7\u00e3o se perde na noite dos tempos&#8230;\u201d<\/em><\/p>\n<p>Verdadeiramente, a ra\u00e7a ad\u00e2mica, a humanidade do Cristo, chegou para ocupar a terra h\u00e1 quinze milh\u00f5es de s\u00e9culos, idade afirmada por Andr\u00e9 Luiz em Evolu\u00e7\u00e3o em Dois Mundo<a data-toggle=\"tooltip\" data-placement=\"top\" title=\"Cap\u00edtulos 3 e 6\"><sup>EDM<\/sup><\/a>.<\/p>\n<p>A Era Esp\u00edrita, do Esp\u00edrito da Verdade, enviado por Jesus, traz muitos esclarecimentos, dando-nos meios de percebermos o esp\u00edrito e vida nas letras das escrituras, profecias e simbolismos, verdades ocultas para serem entendidas e vivenciadas pela humanidade, mais esclarecida, numa compreens\u00e3o hol\u00edstica somada \u00e0 Ci\u00eancia Humana, sincronia perfeita.<\/p>\n<p>Entendemos ser Mois\u00e9s o primeiro a revelar a\u00a0 necessidade de passarmos pela natureza humana<a data-toggle=\"tooltip\" data-placement=\"top\" title=\"Evangelho Segundo Espiritismo - Mundo Regeneradores:16 - Santo Agostinho Cap. III\"><sup>ESE<\/sup><\/a>, como forma de eliminarmos justamente as imperfei\u00e7\u00f5es remanentes em nossas almas por n\u00e3o termos possibilidades e nem capacidade de as eliminarmos no Espa\u00e7o, morada definitiva.<\/p>\n<p><img decoding=\"async\" src=\"https:\/\/sodecristo.org.br\/hejme\/wp-content\/uploads\/2022\/04\/adao_este_aqueloutro_texto_recorte-1.jpg\" class=\"aligncenter\" \/><\/p>\n","protected":false},"excerpt":{"rendered":"<p>A humanidade crist\u00e3, tem interpretado a famosa hist\u00f3ria do primeiro homem, Ad\u00e3o, como sendo cr\u00e9dito a Mois\u00e9s. Contudo trata-se de um costume do povo hebreu na busca de suas origens em remanescentes narrativas de que seus ancestrais se localizavam a um passado long\u00ednquo. A Ci\u00eancia Esp\u00edrita registra o tempo em [&hellip;]<\/p>\n","protected":false},"author":1,"featured_media":5503,"parent":0,"menu_order":0,"comment_status":"closed","ping_status":"closed","template":"","meta":{"_monsterinsights_skip_tracking":false,"_monsterinsights_sitenote_active":false,"_monsterinsights_sitenote_note":"","_monsterinsights_sitenote_category":0,"footnotes":""},"class_list":["post-5439","page","type-page","status-publish","has-post-thumbnail","hentry"],"jetpack_sharing_enabled":true,"_links":{"self":[{"href":"https:\/\/sodecristo.org.br\/hejme\/wp-json\/wp\/v2\/pages\/5439","targetHints":{"allow":["GET"]}}],"collection":[{"href":"https:\/\/sodecristo.org.br\/hejme\/wp-json\/wp\/v2\/pages"}],"about":[{"href":"https:\/\/sodecristo.org.br\/hejme\/wp-json\/wp\/v2\/types\/page"}],"author":[{"embeddable":true,"href":"https:\/\/sodecristo.org.br\/hejme\/wp-json\/wp\/v2\/users\/1"}],"replies":[{"embeddable":true,"href":"https:\/\/sodecristo.org.br\/hejme\/wp-json\/wp\/v2\/comments?post=5439"}],"version-history":[{"count":39,"href":"https:\/\/sodecristo.org.br\/hejme\/wp-json\/wp\/v2\/pages\/5439\/revisions"}],"predecessor-version":[{"id":5574,"href":"https:\/\/sodecristo.org.br\/hejme\/wp-json\/wp\/v2\/pages\/5439\/revisions\/5574"}],"wp:featuredmedia":[{"embeddable":true,"href":"https:\/\/sodecristo.org.br\/hejme\/wp-json\/wp\/v2\/media\/5503"}],"wp:attachment":[{"href":"https:\/\/sodecristo.org.br\/hejme\/wp-json\/wp\/v2\/media?parent=5439"}],"curies":[{"name":"wp","href":"https:\/\/api.w.org\/{rel}","templated":true}]}}