{"id":5322,"date":"2021-01-21T20:18:50","date_gmt":"2021-01-21T23:18:50","guid":{"rendered":"https:\/\/sodecristo.org.br\/hejme\/?page_id=5322"},"modified":"2024-02-10T09:41:15","modified_gmt":"2024-02-10T12:41:15","slug":"congresso-internacional-do-espritismo","status":"publish","type":"page","link":"https:\/\/sodecristo.org.br\/hejme\/congresso-internacional-do-espritismo\/","title":{"rendered":"Congresso Internacional do Espritismo"},"content":{"rendered":"<table width=\"95%\" cellspacing=\"0\" cellpadding=\"9\" border=\"0\" align=\"center\">\n<tbody>\n<tr>\n<td width=\"50%\">\n<p align=\"center\"><img loading=\"lazy\" decoding=\"async\" src=\"https:\/\/sodecristo.org.br\/hejme\/wp-content\/uploads\/2019\/08\/L%C3%A9on-Denis.jpg\" width=\"173\" height=\"169\" class=\"alignleft\" \/>O Congresso Esp\u00edrita Internacional, considerando que a cria\u00e7\u00e3o da Federa\u00e7\u00e3o Esp\u00edrita Internacional comporta o uso obrigat\u00f3rio de um meio pr\u00e1tico de intercomunica\u00e7\u00e3o entre seus membros, qualquer que seja o grupo nacional a que perten\u00e7am; considerando que a mera utiliza\u00e7\u00e3o das l\u00ednguas nacionais n\u00e3o est\u00e1 de acordo com as necessidades, principalmente do servi\u00e7o de correspond\u00eancia oferecido pelo Secretariado da Federa\u00e7\u00e3o Esp\u00edrita Internacional; recomenda insistentemente a todas as Federa\u00e7\u00f5es, Sociedades e Grupos Esp\u00edritas fazer com que seus membros aprendam o<span>\u00a0<\/span><strong>Esperanto<\/strong><span>\u00a0<\/span>e utilizem essa l\u00edngua auxiliar para conhecer e difundir mais rapidamente os relat\u00f3rios e as comunica\u00e7\u00f5es de interesse geral e internacional do Movimento Esp\u00edrita, e convida o Comit\u00ea Executivo da Federa\u00e7\u00e3o Esp\u00edrita Internacional a interpretar esta recomenda\u00e7\u00e3o no sentido mais positivo.\u201d<\/p>\n<\/td>\n<\/tr>\n<tr>\n<td>\n<div align=\"right\">L\u00e9on Denis,<br \/>\nEnt\u00e3o prezidente<br \/>\ndo Congresso Internacional do Espiritismo<br \/>\nTours, 1925<\/div>\n<div align=\"right\">Fran\u00e7a<\/div>\n<\/td>\n<\/tr>\n<\/tbody>\n<\/table>\n","protected":false},"excerpt":{"rendered":"<p>O Congresso Esp\u00edrita Internacional, considerando que a cria\u00e7\u00e3o da Federa\u00e7\u00e3o Esp\u00edrita Internacional comporta o uso obrigat\u00f3rio de um meio pr\u00e1tico de intercomunica\u00e7\u00e3o entre seus membros, qualquer que seja o grupo nacional a que perten\u00e7am; considerando que a mera utiliza\u00e7\u00e3o das l\u00ednguas nacionais n\u00e3o est\u00e1 de acordo com as necessidades, principalmente [&hellip;]<\/p>\n","protected":false},"author":1,"featured_media":4934,"parent":0,"menu_order":0,"comment_status":"closed","ping_status":"closed","template":"","meta":{"_monsterinsights_skip_tracking":false,"_monsterinsights_sitenote_active":false,"_monsterinsights_sitenote_note":"","_monsterinsights_sitenote_category":0,"footnotes":""},"class_list":["post-5322","page","type-page","status-publish","has-post-thumbnail","hentry"],"jetpack_sharing_enabled":true,"_links":{"self":[{"href":"https:\/\/sodecristo.org.br\/hejme\/wp-json\/wp\/v2\/pages\/5322","targetHints":{"allow":["GET"]}}],"collection":[{"href":"https:\/\/sodecristo.org.br\/hejme\/wp-json\/wp\/v2\/pages"}],"about":[{"href":"https:\/\/sodecristo.org.br\/hejme\/wp-json\/wp\/v2\/types\/page"}],"author":[{"embeddable":true,"href":"https:\/\/sodecristo.org.br\/hejme\/wp-json\/wp\/v2\/users\/1"}],"replies":[{"embeddable":true,"href":"https:\/\/sodecristo.org.br\/hejme\/wp-json\/wp\/v2\/comments?post=5322"}],"version-history":[{"count":2,"href":"https:\/\/sodecristo.org.br\/hejme\/wp-json\/wp\/v2\/pages\/5322\/revisions"}],"predecessor-version":[{"id":6195,"href":"https:\/\/sodecristo.org.br\/hejme\/wp-json\/wp\/v2\/pages\/5322\/revisions\/6195"}],"wp:featuredmedia":[{"embeddable":true,"href":"https:\/\/sodecristo.org.br\/hejme\/wp-json\/wp\/v2\/media\/4934"}],"wp:attachment":[{"href":"https:\/\/sodecristo.org.br\/hejme\/wp-json\/wp\/v2\/media?parent=5322"}],"curies":[{"name":"wp","href":"https:\/\/api.w.org\/{rel}","templated":true}]}}