{"id":4691,"date":"2019-08-28T14:02:45","date_gmt":"2019-08-28T17:02:45","guid":{"rendered":"https:\/\/sodecristo.org.br\/hejme\/?page_id=4691"},"modified":"2025-05-10T10:25:42","modified_gmt":"2025-05-10T13:25:42","slug":"pensamento-divino-de-jesus","status":"publish","type":"page","link":"https:\/\/sodecristo.org.br\/hejme\/pensamento-divino-de-jesus\/","title":{"rendered":"Pensamento divino de Jesus"},"content":{"rendered":"<p style=\"text-align: right;\" align=\"left\"><strong><span style=\"font-size: 10pt;\">&#8230;&#8221; Orientados por aquela fraternidade que nasce no pensamento divino.<\/span><\/strong><br \/>\n<strong><span style=\"font-size: 10pt;\">De Jesus, para todas as obras da evolu\u00e7\u00e3o humana&#8221; &#8211; Esp\u00edrito Emmanuel.<\/span><\/strong><\/p>\n<p align=\"left\"><span lang=\"pt-BR\">Todos os segmentos, religiosos ou n\u00e3o, que desenvolvem recursos em benef\u00edcio<\/span><span lang=\"pt-BR\">\u00a0<\/span><span lang=\"pt-BR\">ao<\/span><span lang=\"pt-BR\"> ser humano, contribuindo para a melhora das rela\u00e7\u00f5es interpessoais: <\/span><span lang=\"pt-BR\">intelectual,<\/span><span lang=\"pt-BR\"> moral e espiritual <\/span><span lang=\"pt-BR\">no mundo<\/span><span lang=\"pt-BR\">, <\/span><span lang=\"pt-BR\">podemos afirmar que vibra\u00e7\u00f5es transcendentais da espiritualidade superior <\/span><span lang=\"pt-BR\">mant\u00eam a fl\u00e2mula da caridade no pensamento coletivo de t\u00e3o dedicados agentes; um porvir esperan\u00e7oso na Paz Fraternal. \u00c9<\/span><span lang=\"pt-BR\"> o pensamento divino de Jesus<\/span><span lang=\"pt-BR\"> <\/span><span lang=\"pt-BR\">que aciona e sustenta todo movimento social que <\/span><span lang=\"pt-BR\">se cria para<\/span><span lang=\"pt-BR\"> lutar contra a ignor\u00e2ncia e o preconceito, <\/span><span lang=\"pt-BR\">apoiando e instruindo os irm\u00e3os de estrada<\/span><span lang=\"pt-BR\">. <\/span><span lang=\"pt-BR\"> <\/span><\/p>\n<p>As ideias esp\u00edritas facilitam a percebermos com profundidade a a\u00e7\u00e3o primeira em tudo que se manifesta na exist\u00eancia; for\u00e7as espirituais interessadas no progresso das vidas em evolu\u00e7\u00e3o a se igualarem a elas na perfei\u00e7\u00e3o, numa obedi\u00eancia sagrada a Deus: Causa prim\u00e1ria de todas as coisas.<\/p>\n<p>Com isto, fica f\u00e1cil percebermos a for\u00e7a do pensamento divino de Jesus no ideal esperantista que mant\u00e9m o movimento no mundo com vigor e esperan\u00e7a, mantendo a f\u00e9 viva para tantos quantos queiram aceitar a proposta de se relacionarem universalmente atrav\u00e9s da l\u00edngua neutra Esperanto.<\/p>\n<p>Esta frente de trabalho, monitorada pelo Alto, manter\u00e1 a chama da f\u00e9 e da disposi\u00e7\u00e3o, a disseminar a ideia de uni\u00e3o e de fraternidade entre os povos, dissipando as barreiras da d\u00favida, n\u00e3o faltando, em momento algum, recursos humanos para tal empreendimento at\u00e9 a \u00faltima Na\u00e7\u00e3o, retardat\u00e1ria, que ainda oscila na implanta\u00e7\u00e3o da l\u00edngua.<\/p>\n<p>Findada a miss\u00e3o, j\u00e1 n\u00e3o vamos contar com os desbravadores das resist\u00eancias preconceituosas, mas, ser\u00e3o fi\u00e9is e sinceros e manter\u00e3o os \u00f3rg\u00e3os de controle, manuten\u00e7\u00e3o e equil\u00edbrio da l\u00edngua com o mesmo zelo com que a manteve durante s\u00e9culos; imperec\u00edveis, incorrupt\u00edveis e din\u00e2micos, a nossa mais sincera gratid\u00e3o de uma Humanidade reconhecida.<\/p>\n","protected":false},"excerpt":{"rendered":"<p>&#8230;&#8221; Orientados por aquela fraternidade que nasce no pensamento divino. De Jesus, para todas as obras da evolu\u00e7\u00e3o humana&#8221; &#8211; Esp\u00edrito Emmanuel. Todos os segmentos, religiosos ou n\u00e3o, que desenvolvem recursos em benef\u00edcio\u00a0ao ser humano, contribuindo para a melhora das rela\u00e7\u00f5es interpessoais: intelectual, moral e espiritual no mundo, podemos afirmar [&hellip;]<\/p>\n","protected":false},"author":1,"featured_media":4377,"parent":0,"menu_order":0,"comment_status":"closed","ping_status":"closed","template":"","meta":{"_monsterinsights_skip_tracking":false,"_monsterinsights_sitenote_active":false,"_monsterinsights_sitenote_note":"","_monsterinsights_sitenote_category":0,"footnotes":""},"class_list":["post-4691","page","type-page","status-publish","has-post-thumbnail","hentry"],"jetpack_sharing_enabled":true,"_links":{"self":[{"href":"https:\/\/sodecristo.org.br\/hejme\/wp-json\/wp\/v2\/pages\/4691","targetHints":{"allow":["GET"]}}],"collection":[{"href":"https:\/\/sodecristo.org.br\/hejme\/wp-json\/wp\/v2\/pages"}],"about":[{"href":"https:\/\/sodecristo.org.br\/hejme\/wp-json\/wp\/v2\/types\/page"}],"author":[{"embeddable":true,"href":"https:\/\/sodecristo.org.br\/hejme\/wp-json\/wp\/v2\/users\/1"}],"replies":[{"embeddable":true,"href":"https:\/\/sodecristo.org.br\/hejme\/wp-json\/wp\/v2\/comments?post=4691"}],"version-history":[{"count":6,"href":"https:\/\/sodecristo.org.br\/hejme\/wp-json\/wp\/v2\/pages\/4691\/revisions"}],"predecessor-version":[{"id":6440,"href":"https:\/\/sodecristo.org.br\/hejme\/wp-json\/wp\/v2\/pages\/4691\/revisions\/6440"}],"wp:featuredmedia":[{"embeddable":true,"href":"https:\/\/sodecristo.org.br\/hejme\/wp-json\/wp\/v2\/media\/4377"}],"wp:attachment":[{"href":"https:\/\/sodecristo.org.br\/hejme\/wp-json\/wp\/v2\/media?parent=4691"}],"curies":[{"name":"wp","href":"https:\/\/api.w.org\/{rel}","templated":true}]}}