{"id":4252,"date":"2018-11-12T11:50:12","date_gmt":"2018-11-12T11:50:12","guid":{"rendered":"https:\/\/demo.themeisle.com\/hestia-default\/hestia-front\/"},"modified":"2025-10-02T09:15:11","modified_gmt":"2025-10-02T12:15:11","slug":"hestia-front","status":"publish","type":"page","link":"https:\/\/sodecristo.org.br\/hejme\/","title":{"rendered":"Front Page"},"content":{"rendered":"<p>&nbsp;<\/p>\n<table style=\"border-collapse: collapse; width: 89.5537%; height: 1479px; margin-left: 40px;\" height=\"326\">\n<tbody style=\"padding-left: 40px;\">\n<tr style=\"height: 301px; padding-left: 40px;\">\n<td style=\"width: 817.775px; height: 301px; padding-left: 40px;\"><a href=\"https:\/\/sodecristo.org.br\/hejme\/wp-content\/uploads\/2019\/04\/sodecristo.png\"><img loading=\"lazy\" decoding=\"async\" class=\"details-image alignnone\" src=\"https:\/\/sodecristo.org.br\/hejme\/wp-content\/uploads\/2019\/04\/sodecristo.png\" draggable=\"false\" alt=\"\" width=\"305\" height=\"70\" \/>\u00a0\u00a0\u00a0\u00a0\u00a0\u00a0\u00a0\u00a0\u00a0\u00a0\u00a0\u00a0\u00a0\u00a0\u00a0\u00a0\u00a0\u00a0\u00a0\u00a0\u00a0\u00a0\u00a0\u00a0\u00a0\u00a0<\/a><\/p>\n<p align=\"center\" style=\"text-align: center;\"><span style=\"font-size: 12pt;\"><strong><span style=\"font-size: 14pt;\">Comunica\u00e7\u00e3o de Allan Kardec<\/span> (<\/strong><span style=\"font-family: 'courier new', courier, monospace; font-size: 10pt;\">Esp\u00edrito<\/span><strong>), <\/strong><\/span><span style=\"font-size: 12pt;\"><strong>em 30 de mar\u00e7o de 1924, confiada \u00e0 &#8211; <\/strong><\/span><\/p>\n<p align=\"center\" style=\"text-align: center;\"><span style=\"font-size: 12pt;\"><strong>\u201c<i>La Revue Spirite<\/i>\u201d \u2013 pelos ANNAES DO ESPIRITISMO DE Rocheford-Sur-Mer (Fran\u00e7a). N\u00ba de julho de 1924.<\/strong><\/span><\/p>\n<p style=\"text-align: left;\">\u201cOutrora, os esp\u00edritas podiam ser contados nos dedos. Escarneciam e praguejavam contra aqueles que se interessavam por essa ci\u00eancia; esses tais eram tidos por malucos e evitados com cautela; mas, hoje, vai-se fazendo luz intensa sobre o Espiritismo, porque os s\u00e1bios o explicam e procuram a realidade dos fatos. Eu n\u00e3o disse na minha vida terrestre que o Espiritismo havia de ser cient\u00edfico ou morreria.<\/p>\n<p style=\"text-align: left;\">E a ci\u00eancia vai pouco a pouco homologando os fen\u00f4menos esp\u00edritas.<\/p>\n<p style=\"text-align: left;\">Para muita gente, n\u00f3s o sabemos. Esses fen\u00f4menos continuam ainda incompreens\u00edveis, porque n\u00e3o se pode explicar e analisar a for\u00e7a que os produz. Mas dias vir\u00e3o em que os s\u00e1bios a descobrir\u00e3o e provar\u00e3o \u2013 que, se a mat\u00e9ria comp\u00f5e nosso corpo, existe tamb\u00e9m no ser humano uma coisa mais sutil que anima esse corpo: uma alma imortal!<\/p>\n<p style=\"text-align: left;\">Com grande alegria vejo um raio luminoso aclarando alguns s\u00e1bios que, tendo a princ\u00edpio repelido os fatos com desd\u00e9m, observando-os depois com aten\u00e7\u00e3o, v\u00e3o reconhecendo a sua realidade.<\/p>\n<p style=\"text-align: left;\">Direi, portanto, aos que ainda n\u00e3o compreendem o Espiritismo: estudai, mas n\u00e3o o aceiteis sen\u00e3o com a vossa raz\u00e3o e com a ci\u00eancia; \u00e9 por aten\u00e7\u00e3o acurada na observa\u00e7\u00e3o dos fen\u00f4menos que se chega a concluir: Cela, est!<\/p>\n<p style=\"text-align: left;\">Aquele que, nos fatos esp\u00edritas, s\u00f3 v\u00ea ilus\u00e3o e crendices da parte dos m\u00e9diuns que n\u00f3s animamos, est\u00e1 em erro, pode tamb\u00e9m estar de m\u00e1-f\u00e9.<\/p>\n<p style=\"text-align: left;\">Se h\u00e1 m\u00e9diuns mais preocupados com seus interesses do que com a verdade, tamb\u00e9m os h\u00e1, e em maior n\u00famero, que s\u00e3o sinceros e desinteressados e s\u00e3o para n\u00f3s preciosos auxiliares que nos permitir\u00e3o atingir o triunfo de nossa obra de luz.<\/p>\n<p style=\"text-align: left;\">Que Deus aben\u00e7oe esse trabalho dos Esp\u00edritos, que vai crescendo de dia para dia neste planeta, para maior bem da humanidade. Quanto a mim, a minha miss\u00e3o espiritual est\u00e1 cumprida em parte, e dentro de alguns anos tornarei a reencarnar-me entre v\u00f3s, amigos; e muitas pessoas jovens, que aqui se acham presentes poder\u00e3o reconhecer-me ent\u00e3o pela minha obra de Espiritismo.<\/p>\n<p style=\"text-align: left;\">Essa miss\u00e3o, terrestre, eu a aceitarei com j\u00fabilo por amor de meus irm\u00e3os da Terra; e, para bem a desempenhar, meu esp\u00edrito est\u00e1 se instruindo, est\u00e1 se iluminando nestas maravilhas estupendas e sem limites, onde h\u00e1 tanto que observar.<\/p>\n<p style=\"text-align: left;\">Eu estou a\u00ed haurindo poderosas for\u00e7as espirituais para voltar ao servi\u00e7o do progresso da humanidade terrestre, para afirmar a meus irm\u00e3os a realidade e a beleza desta vida do esp\u00edrito no Espa\u00e7o.<\/p>\n<p style=\"text-align: left;\">Sim, eu voltarei para trabalhar neste planeta onde lutei e sofri, mas estarei com o esp\u00edrito mais forte, mais generoso, mais elevado para a\u00ed fazer reinar mais fraternidade, mais justi\u00e7a, mais paz.<\/p>\n<p style=\"text-align: right;\"><span style=\"font-size: 12pt;\"><strong>Tradu\u00e7\u00e3o de Porphyrio Ramos, de Rio Novo, a 27-9-1924. (Minas Gerais)<\/strong><\/span><\/p>\n<p style=\"text-align: right;\"><span style=\"font-size: 12pt;\"><strong>Di\u00e1rio dos Invis\u00edveis de Zilda Gama<\/strong><\/span>.<\/p>\n<p>&nbsp;<\/p>\n<p>&nbsp;<\/p>\n<p>&nbsp;<\/p>\n<p style=\"text-align: left;\"><span style=\"font-family: verdana, geneva, sans-serif; font-size: 24pt;\"><strong><span style=\"color: #ffffff;\">&#8220;Esperanto, P\u00e9rola de Grande Valor&#8221;<\/span><\/strong><\/span><\/p>\n<\/td>\n<td style=\"width: 0px; height: 301px; text-align: left;\"><\/td>\n<\/tr>\n<\/tbody>\n<\/table>\n<p>&nbsp;<\/p>\n<p>&nbsp;<\/p>\n<p>&nbsp;<\/p>\n<p>&nbsp;<\/p>\n<p>&nbsp;<\/p>\n","protected":false},"excerpt":{"rendered":"<p>&nbsp; \u00a0\u00a0\u00a0\u00a0\u00a0\u00a0\u00a0\u00a0\u00a0\u00a0\u00a0\u00a0\u00a0\u00a0\u00a0\u00a0\u00a0\u00a0\u00a0\u00a0\u00a0\u00a0\u00a0\u00a0\u00a0\u00a0 Comunica\u00e7\u00e3o de Allan Kardec (Esp\u00edrito), em 30 de mar\u00e7o de 1924, confiada \u00e0 &#8211; \u201cLa Revue Spirite\u201d \u2013 pelos ANNAES DO ESPIRITISMO DE Rocheford-Sur-Mer (Fran\u00e7a). N\u00ba de julho de 1924. \u201cOutrora, os esp\u00edritas podiam ser contados nos dedos. Escarneciam e praguejavam contra aqueles que se interessavam por essa [&hellip;]<\/p>\n","protected":false},"author":1,"featured_media":4395,"parent":0,"menu_order":0,"comment_status":"closed","ping_status":"closed","template":"","meta":{"_monsterinsights_skip_tracking":false,"_monsterinsights_sitenote_active":false,"_monsterinsights_sitenote_note":"","_monsterinsights_sitenote_category":0,"footnotes":""},"class_list":["post-4252","page","type-page","status-publish","has-post-thumbnail","hentry"],"jetpack_sharing_enabled":true,"_links":{"self":[{"href":"https:\/\/sodecristo.org.br\/hejme\/wp-json\/wp\/v2\/pages\/4252","targetHints":{"allow":["GET"]}}],"collection":[{"href":"https:\/\/sodecristo.org.br\/hejme\/wp-json\/wp\/v2\/pages"}],"about":[{"href":"https:\/\/sodecristo.org.br\/hejme\/wp-json\/wp\/v2\/types\/page"}],"author":[{"embeddable":true,"href":"https:\/\/sodecristo.org.br\/hejme\/wp-json\/wp\/v2\/users\/1"}],"replies":[{"embeddable":true,"href":"https:\/\/sodecristo.org.br\/hejme\/wp-json\/wp\/v2\/comments?post=4252"}],"version-history":[{"count":28,"href":"https:\/\/sodecristo.org.br\/hejme\/wp-json\/wp\/v2\/pages\/4252\/revisions"}],"predecessor-version":[{"id":6486,"href":"https:\/\/sodecristo.org.br\/hejme\/wp-json\/wp\/v2\/pages\/4252\/revisions\/6486"}],"wp:featuredmedia":[{"embeddable":true,"href":"https:\/\/sodecristo.org.br\/hejme\/wp-json\/wp\/v2\/media\/4395"}],"wp:attachment":[{"href":"https:\/\/sodecristo.org.br\/hejme\/wp-json\/wp\/v2\/media?parent=4252"}],"curies":[{"name":"wp","href":"https:\/\/api.w.org\/{rel}","templated":true}]}}